{"id":2175,"date":"2025-09-16T11:53:30","date_gmt":"2025-09-16T11:53:30","guid":{"rendered":"https:\/\/seoulhouse.hu\/?page_id=2175"},"modified":"2025-09-16T11:53:55","modified_gmt":"2025-09-16T11:53:55","slug":"masthead","status":"publish","type":"page","link":"https:\/\/seoulhouse.hu\/en\/impressum\/","title":{"rendered":"Imprint"},"content":{"rendered":"\t\t<div data-elementor-type=\"wp-page\" data-elementor-id=\"2175\" class=\"elementor elementor-2175\" data-elementor-post-type=\"page\">\n\t\t\t\t<div class=\"elementor-element elementor-element-642ec7f e-con-full e-flex e-con e-parent\" data-id=\"642ec7f\" data-element_type=\"container\" data-settings=\"{&quot;background_background&quot;:&quot;classic&quot;}\">\n\t\t<div class=\"elementor-element elementor-element-aece2fd e-con-full e-flex e-con e-child\" data-id=\"aece2fd\" data-element_type=\"container\" data-settings=\"{&quot;background_background&quot;:&quot;classic&quot;,&quot;sticky&quot;:&quot;top&quot;,&quot;sticky_offset&quot;:10,&quot;position&quot;:&quot;fixed&quot;,&quot;sticky_on&quot;:[&quot;desktop&quot;,&quot;tablet&quot;,&quot;mobile&quot;],&quot;sticky_effects_offset&quot;:0,&quot;sticky_anchor_link_offset&quot;:0}\">\n\t\t<div class=\"elementor-element elementor-element-d77f563 e-con-full e-flex e-con e-child\" data-id=\"d77f563\" data-element_type=\"container\">\n\t\t\t\t<div class=\"elementor-element elementor-element-20a926b elementor-widget elementor-widget-theme-site-logo elementor-widget-image\" data-id=\"20a926b\" data-element_type=\"widget\" data-widget_type=\"theme-site-logo.default\">\n\t\t\t\t<div class=\"elementor-widget-container\">\n\t\t\t\t\t\t\t\t\t\t\t<a href=\"https:\/\/seoulhouse.hu\/en\">\n\t\t\t<img decoding=\"async\" width=\"151\" height=\"28\" src=\"https:\/\/seoulhouse.hu\/wp-content\/uploads\/2025\/06\/Top-Menu-Logo.svg\" class=\"attachment-full size-full wp-image-395\" alt=\"\" \/>\t\t\t\t<\/a>\n\t\t\t\t\t\t\t\t\t\t\t<\/div>\n\t\t\t\t<\/div>\n\t\t\t\t<\/div>\n\t\t<div class=\"elementor-element elementor-element-13078dc e-con-full e-flex e-con e-child\" data-id=\"13078dc\" data-element_type=\"container\">\n\t\t\t\t<div class=\"elementor-element elementor-element-34380c0 elementor-align-right elementor-mobile-align-justify elementor-widget elementor-widget-button\" data-id=\"34380c0\" data-element_type=\"widget\" data-widget_type=\"button.default\">\n\t\t\t\t<div class=\"elementor-widget-container\">\n\t\t\t\t\t\t\t\t\t<div class=\"elementor-button-wrapper\">\n\t\t\t\t\t<a class=\"elementor-button elementor-button-link elementor-size-sm\" href=\"https:\/\/widget.tablein.com\/en\/widget\/seoul-house?widget=5576\">\n\t\t\t\t\t\t<span class=\"elementor-button-content-wrapper\">\n\t\t\t\t\t\t\t\t\t<span class=\"elementor-button-text\">Foglal\u00e1s<\/span>\n\t\t\t\t\t<\/span>\n\t\t\t\t\t<\/a>\n\t\t\t\t<\/div>\n\t\t\t\t\t\t\t\t<\/div>\n\t\t\t\t<\/div>\n\t\t\t\t<\/div>\n\t\t<div class=\"elementor-element elementor-element-46903ec e-con-full e-flex e-con e-child\" data-id=\"46903ec\" data-element_type=\"container\" data-settings=\"{&quot;background_background&quot;:&quot;classic&quot;}\">\n\t\t\t\t<div class=\"elementor-element elementor-element-7811fc1 elementor-widget elementor-widget-ucaddon_fullscreen_navigation_menu\" data-id=\"7811fc1\" data-element_type=\"widget\" data-widget_type=\"ucaddon_fullscreen_navigation_menu.default\">\n\t\t\t\t<div class=\"elementor-widget-container\">\n\t\t\t\t\t\n<!-- start Fullscreen Menu -->\n\t\t<link id='font-awesome-css' href='https:\/\/seoulhouse.hu\/wp-content\/plugins\/unlimited-elements-for-elementor-premium\/assets_libraries\/font-awesome6\/fontawesome-all.min.css' type='text\/css' rel='stylesheet' >\n\t\t<link id='font-awesome-4-shim-css' href='https:\/\/seoulhouse.hu\/wp-content\/plugins\/unlimited-elements-for-elementor-premium\/assets_libraries\/font-awesome6\/fontawesome-v4-shims.min.css' type='text\/css' rel='stylesheet' >\n\t\t<link id='uc_ac_assets_file_hamburger_icon_animations_css_10663-css' href='https:\/\/seoulhouse.hu\/wp-content\/uploads\/ac_assets\/fullscreen_navigation_menu\/hamburger-icon-animations.css' type='text\/css' rel='stylesheet' >\n\n<style>\/* widget: Fullscreen Menu *\/\n\n.elementor-sticky{\n\toverflow: visible !important;\n}\n\n\t\n\n\n#uc_fullscreen_navigation_menu_elementor_7811fc1 * {\n  box-sizing: border-box;\n}\n#uc_fullscreen_navigation_menu_elementor_7811fc1 a,\n#uc_fullscreen_navigation_menu_elementor_7811fc1 a:visited,\n#uc_fullscreen_navigation_menu_elementor_7811fc1 a:hover,\n#uc_fullscreen_navigation_menu_elementor_7811fc1 a:active {\n  text-decoration: none;\n}\n\n\n#uc_fullscreen_navigation_menu_elementor_7811fc1 .ue-input-wrapper{\n  position:relative;  \n}\n\n#uc_fullscreen_navigation_menu_elementor_7811fc1 .ue-input-wrapper-align{\n  display:flex;\n}\n\n#uc_fullscreen_navigation_menu_elementor_7811fc1 .ue_hamburger *{\n  transition: all 200ms;\n}\n\n#uc_fullscreen_navigation_menu_elementor_7811fc1 .ue_hamburger_custom_open svg{\n  height:1em;\n  width:1em;\n}\n\n#uc_fullscreen_navigation_menu_elementor_7811fc1 .ue_hamburger_custom_close svg{\n  height:1em;\n  width:1em;\n}\n\n#uc_fullscreen_navigation_menu_elementor_7811fc1 .uc_hamburger{\n  display: inline-block;  \n}\n\n#uc_fullscreen_navigation_menu_elementor_7811fc1 .uc_line{\n  transition: all .3s;\n}\n\n#uc_fullscreen_navigation_menu_elementor_7811fc1{\n  position:relative;\n  z-index:99998;\n}\n\n#uc_fullscreen_navigation_menu_elementor_7811fc1 .checkbox-toggle {\n  position: absolute;\n  z-index: 100000000;\n  cursor: pointer;\n  opacity: 0;\n  top:0px;\n}\n\n#uc_fullscreen_navigation_menu_elementor_7811fc1 .checkbox-toggle:checked + .ue_hamburger > div:after {\n  opacity: 0;\n}\n\n#uc_fullscreen_navigation_menu_elementor_7811fc1.menu-opened .ue_menu {\n  pointer-events: auto;\n}\n\n#uc_fullscreen_navigation_menu_elementor_7811fc1.menu-opened .ue_menu > div.ue_inner_menu {\n      visibility: visible;\n  -webkit-transition-duration: 0.75s;\n          transition-duration: 0.75s;\n}\n\n#uc_fullscreen_navigation_menu_elementor_7811fc1.menu-opened .ue_menu > div.ue_inner_menu > div > div {\n  opacity: 1;\n  transition: opacity 0.4s ease 0.4s;\n}\n\n\/* start open transition animations *\/\n\t\n\n#uc_fullscreen_navigation_menu_elementor_7811fc1 .ue_menu .ue_inner_menu {\ntransform: translate(-100%, 0);\n}\n\n#uc_fullscreen_navigation_menu_elementor_7811fc1.menu-opened .ue_menu > div.ue_inner_menu {\n  -webkit-transform: translate(0, 0);\n          transform: translate(0, 0);\n}\n\t\n\n\t\n\n\t\n\n\t\n\n\t\n\n\t\n\n\t\n\n\t\n\/* end open transition animations *\/\n\n#uc_fullscreen_navigation_menu_elementor_7811fc1 .ue_hamburger {\n  top: 0;\n  cursor: pointer;\n  transition: 0.4s;\n  backface-visibility: hidden;\n  display: flex;\n  align-items: center;\n  justify-content: center;\n  position:absolute;\n  z-index:99999999;\n}\n\n\n  \/* end effects == \"def\" *\/\n\n\n\n\n#uc_fullscreen_navigation_menu_elementor_7811fc1 .ue_menu {\n  position: fixed;\n  top: 0;\n  left: 0;\n  width: 100%;\n  pointer-events: none;\n  visibility: hidden;       \n  backface-visibility: hidden;\n  outline: none;\n  display: flex;\n  align-items: center;\n  justify-content: center;\n}\n\n\/* start protection from doubled fixed section in elementor *\/\n.uc-hidden #uc_fullscreen_navigation_menu_elementor_7811fc1 .ue_menu{\n   opacity: 0;\n   pointer-events: none;\n}\n.uc-visible #uc_fullscreen_navigation_menu_elementor_7811fc1 .ue_menu{\n   opacity: 1;\n   pointer-events: all;\n}\n\/* end protection from doubled fixed section in elementor *\/\n\n#uc_fullscreen_navigation_menu_elementor_7811fc1 .ue_menu .ue_inner_menu {\n  color: #fff;\n  transition: all 0.4s ease;\n  height: 100vh;\n  overflow-y: auto;\n  overflow-x: hidden;\n  display: flex;\n}\n#uc_fullscreen_navigation_menu_elementor_7811fc1 .ue_inner_menu-box{\n    margin-top: auto;\n  \t\n  margin-bottom: auto;\n  width: 100vw;\n  flex: none;\n  backface-visibility: hidden;\n  display: flex;\n  flex-direction: column;\n  align-items: center;\n}\n#uc_fullscreen_navigation_menu_elementor_7811fc1 .ue_menu > div > div > div {\n  max-width: 90vw;\n  width: 100%;\n  opacity: 0;\n  -webkit-transition: opacity 0.4s ease;\n  transition: opacity 0.4s ease;\n  overflow-y: auto;\n  flex: none;\n  display: flex;\n  align-items: center;\n}\n#uc_fullscreen_navigation_menu_elementor_7811fc1 ul:not(#uc_fullscreen_navigation_menu_elementor_7811fc1 section ul) {\n  list-style: none;\n  margin: 0;\n  display: block;\n  padding:0px;\n}\n#uc_fullscreen_navigation_menu_elementor_7811fc1 .ue_menu  div  div  ul li {\n  padding: 0;\n  display: block;\n}\n#uc_fullscreen_navigation_menu_elementor_7811fc1 .ue_menu  div  div  ul  li a {\n  position: relative;\n  display: inline-flex;\n  align-items: center;\n  cursor: pointer;\n  transition: color 0.4s ease;\n}\n\n\t\n#uc_fullscreen_navigation_menu_elementor_7811fc1 .ue_menu  div  div  ul  li a:hover:after {\n  width: 100%;\n}\n#uc_fullscreen_navigation_menu_elementor_7811fc1 .ue_menu  div  div  ul  li  a:after {\n  content: '';\n  position: absolute;\n  z-index: 1;\n  bottom: 0;\n  left: 0;\n  width: 0;\n  height: 2px;\n  transition: width 0.4s ease;\n}\n\n\t\n\n.ue_menu_wrapper{\n  position:relative;\n}\n\n\n\n\n#uc_fullscreen_navigation_menu_elementor_7811fc1 .ue_menu-social-icons a{\n  display:inline-block;\n  line-height:1em;\n}\n\n#uc_fullscreen_navigation_menu_elementor_7811fc1 .ue_menu-social-icons a svg{\n  height:1em;\n  width:1em;\n}\n\n#uc_fullscreen_navigation_menu_elementor_7811fc1 .sub-menu{\ntransition: 0.5s;\noverflow: hidden;\nheight: auto;\n}\n\n#uc_fullscreen_navigation_menu_elementor_7811fc1 .collapsed i::before,\n#uc_fullscreen_navigation_menu_elementor_7811fc1 .expanded i::before{\n    font-weight: 900;\n  \tfont-size: 14px;\n    line-height:1em;\n  \tdisplay: inline-block;\n    vertical-align: middle;\n}\n#uc_fullscreen_navigation_menu_elementor_7811fc1 .uc-menu-item-pointer{\n  \tposition: absolute;\n  \tpointer-events: all;\n           right: -15px;\n  \t   transform: translate(14px,0);\n    }\n\n#uc_fullscreen_navigation_menu_elementor_7811fc1 .uc-menu-item-pointer > *{\n  pointer-events: none;\n}\n\n#uc_fullscreen_navigation_menu_elementor_7811fc1 .uc-menu-item-pointer svg{\n\twidth: 14px;\n  \theight: 14px;\n}\n\n#uc_fullscreen_navigation_menu_elementor_7811fc1 .ue_hamburger > div, #uc_fullscreen_navigation_menu_elementor_7811fc1 .ue_hamburger > div:before, #uc_fullscreen_navigation_menu_elementor_7811fc1  .ue_hamburger > div:after{\n outline: 0px solid #ffffff;\n}\n#uc_fullscreen_navigation_menu_elementor_7811fc1 input:hover + .ue_hamburger > div, #uc_fullscreen_navigation_menu_elementor_7811fc1 input:hover + .ue_hamburger > div:before, #uc_fullscreen_navigation_menu_elementor_7811fc1 input:hover + .ue_hamburger > div:after{\n outline: 0px solid #ffffff;\n}\n\n\n<\/style>\n\n<div class=\"outer-menu\" id=\"uc_fullscreen_navigation_menu_elementor_7811fc1\">\n  \n  <div class=\"ue_menu_wrapper\">\n    <div class=\"ue-input-wrapper-align\">\n    <div class=\"ue-input-wrapper\">\n    \n    <input data-uid=\"uc_fullscreen_navigation_menu_elementor_7811fc1_input\" autocomplete=\"off\" name=\"uc_fullscreen_navigation_menu_elementor_7811fc1_input\" class=\"checkbox-toggle\" type=\"checkbox\" aria-label=\"menu\" aria-haspopup=\"menu\"  \/>   \n    \n    <div class=\"ue_hamburger uc_animated_hamburger_icon\" role=\"button\" tabindex=\"0\" aria-expanded=\"false\" aria-controls=\"uc_fullscreen_navigation_menu_elementor_7811fc1_menu\">\n      \n      \t\n      \n              <div class=\"uc_hamburger\" id=\"hamburger-6\">\n          <span class=\"uc_line\"><\/span>\n          <span class=\"uc_line\"><\/span>\n          <span class=\"uc_line\"><\/span>\n        <\/div>\n          <\/div>\n      \n    <\/div>\n    <\/div>\n  \n    <div class=\"ue_menu\">\n\n      <div class=\"ue_inner_menu\" data-closeothers=\"no\" data-clickable='false' data-icon-position=\"end\" data-icon-source=\"\" data-expandall=\"false\">\n\n                \t<div class=\"ue_inner_menu_expand_icon\" style=\"display: none\"><i class='fas fa-arrow-down'><\/i><\/div>\n        \t<div class=\"ue_inner_menu_collapse_icon\" style=\"display: none\"><i class='fas fa-arrow-up'><\/i><\/div>\n        \t\n        \n        <div class=\"ue_inner_menu-box\">\n\n          <div><\/div>\n\n          \t\n\n          <div>\n            <ul id=\"menu-fomenu\" class=\"uc-list-menu\"><li id=\"menu-item-1042\" class=\"menu-item menu-item-type-post_type menu-item-object-page menu-item-home menu-item-1042\"><a href=\"https:\/\/seoulhouse.hu\/en\/\">F\u0151oldal<\/a><\/li>\n<li id=\"menu-item-1491\" class=\"menu-item menu-item-type-post_type menu-item-object-page menu-item-1491\"><a href=\"https:\/\/seoulhouse.hu\/en\/menu\/\">Men\u00fc<\/a><\/li>\n<li id=\"menu-item-1885\" class=\"menu-item menu-item-type-post_type menu-item-object-page menu-item-1885\"><a href=\"https:\/\/seoulhouse.hu\/en\/kapcsolat\/\">Kapcsolat<\/a><\/li>\n<li id=\"menu-item-1905\" class=\"menu-item menu-item-type-post_type menu-item-object-page menu-item-1905\"><a href=\"https:\/\/seoulhouse.hu\/en\/foglalas\/\">Foglal\u00e1s<\/a><\/li>\n<\/ul>\n          <\/div>\n\n\n          \t\n\n          <div><\/div>\n\n        <\/div>\n\n      <\/div>\n    <\/div>\n  \n  <\/div>\n<\/div>\n<!-- end Fullscreen Menu -->\t\t\t\t<\/div>\n\t\t\t\t<\/div>\n\t\t\t\t<\/div>\n\t\t\t\t<\/div>\n\t\t\t\t<\/div>\n\t\t<div class=\"elementor-element elementor-element-6b4f84c e-flex e-con-boxed e-con e-parent\" data-id=\"6b4f84c\" data-element_type=\"container\">\n\t\t\t\t\t<div class=\"e-con-inner\">\n\t\t\t\t<div class=\"elementor-element elementor-element-ba7e0ba elementor-widget elementor-widget-heading\" data-id=\"ba7e0ba\" data-element_type=\"widget\" data-widget_type=\"heading.default\">\n\t\t\t\t<div class=\"elementor-widget-container\">\n\t\t\t\t\t<h2 class=\"elementor-heading-title elementor-size-default\">IMPRESSUM<\/h2>\t\t\t\t<\/div>\n\t\t\t\t<\/div>\n\t\t\t\t\t<\/div>\n\t\t\t\t<\/div>\n\t\t<div class=\"elementor-element elementor-element-a210d33 e-flex e-con-boxed e-con e-parent\" data-id=\"a210d33\" data-element_type=\"container\">\n\t\t\t\t\t<div class=\"e-con-inner\">\n\t\t\t\t<div class=\"elementor-element elementor-element-c9ce7bc elementor-widget elementor-widget-text-editor\" data-id=\"c9ce7bc\" data-element_type=\"widget\" data-widget_type=\"text-editor.default\">\n\t\t\t\t<div class=\"elementor-widget-container\">\n\t\t\t\t\t\t\t\t\t<p class=\"p1\">C\u00e9gn\u00e9v: WSB Vend\u00e9gl\u00e1t\u00f3ipari \u00e9s Szolg\u00e1ltat\u00f3 Z\u00e1rtk\u00f6r\u0171en M\u0171k\u00f6d\u0151 R\u00e9szv\u00e9nyt\u00e1rsas\u00e1g.<\/p>\n<p class=\"p1\">Sz\u00e9khely: 2000 Szentendre, Rab R\u00e1by t\u00e9r 6.<\/p>\n<p class=\"p1\">Levelez\u00e9si c\u00edm: 1037 Budapest, Sz\u00e9pv\u00f6lgyi \u00fat 23.<\/p>\n<p class=\"p1\">C\u00e9gjegyz\u00e9ksz\u00e1m: 13-10-041901<\/p>\n<p class=\"p1\">Ad\u00f3sz\u00e1m: 26640424-2-13<\/p>\n<p class=\"p1\">Nyilv\u00e1ntart\u00e1sban bejegyz\u0151 hat\u00f3s\u00e1g neve: F\u0151v\u00e1rosi T\u00f6rv\u00e9nysz\u00e9k C\u00e9gb\u00edr\u00f3s\u00e1ga<\/p>\n<p class=\"p1\">K\u00e9pvisel\u0151: Dr. Br\u00f3di B\u00e9la \u00c1rp\u00e1d vez\u00e9rigazgat\u00f3<\/p>\n<p class=\"p1\">Elektronikus el\u00e9rhet\u0151s\u00e9g: wsbzrt@wasabi.hu<\/p>\n<p class=\"p1\">Telefonsz\u00e1m: +36-30-249-6644<\/p>\n<p><!-- \/wp:paragraph --><\/p>\t\t\t\t\t\t\t\t<\/div>\n\t\t\t\t<\/div>\n\t\t\t\t\t<\/div>\n\t\t\t\t<\/div>\n\t\t\t\t<\/div>\n\t\t","protected":false},"excerpt":{"rendered":"<p>Reservation Home Menu Contact Reservation IMPRINT Company name: WSB Hospitality and Service Private Limited Company. Registered office: 2000 Szentendre, Rab R\u00e1by t\u00e9r 6. Postal address: 1037 Budapest, Sz\u00e9pv\u00f6lgyi \u00fat 23. Company registration number: 13-10-041901 Tax number: 26640424-2-13 Name of the registering authority: Budapest General Court Company Court Representative: Dr. B\u00e9la \u00c1rp\u00e1d Br\u00f3di CEO Electronic contact: wsbzrt@wasabi.hu Phone number: +36-30-249-6644<\/p>","protected":false},"author":1,"featured_media":0,"parent":0,"menu_order":0,"comment_status":"closed","ping_status":"closed","template":"","meta":{"_acf_changed":false,"footnotes":""},"class_list":["post-2175","page","type-page","status-publish","hentry"],"acf":[],"yoast_head":"<!-- This site is optimized with the Yoast SEO Premium plugin v27.4 (Yoast SEO v27.4) - https:\/\/yoast.com\/product\/yoast-seo-premium-wordpress\/ -->\n<title>Impressum - Seoul House Budapest #1 Korean Restaurant<\/title>\n<meta name=\"robots\" content=\"index, follow, max-snippet:-1, max-image-preview:large, max-video-preview:-1\" \/>\n<link rel=\"canonical\" href=\"https:\/\/seoulhouse.hu\/en\/masthead\/\" \/>\n<meta property=\"og:locale\" content=\"en_GB\" \/>\n<meta property=\"og:type\" content=\"article\" \/>\n<meta property=\"og:title\" content=\"Impressum\" \/>\n<meta property=\"og:description\" content=\"Seoul House Budapest #1 Korean Restaurant\" \/>\n<meta property=\"og:url\" content=\"https:\/\/seoulhouse.hu\/en\/masthead\/\" \/>\n<meta property=\"og:site_name\" content=\"Seoul House Budapest #1 Korean Restaurant\" \/>\n<meta property=\"article:modified_time\" content=\"2025-09-16T11:53:55+00:00\" \/>\n<meta property=\"og:image\" content=\"https:\/\/seoulhouse.hu\/wp-content\/uploads\/2025\/07\/fb_seoul-cover-scaled.png\" \/>\n\t<meta property=\"og:image:width\" content=\"2560\" \/>\n\t<meta property=\"og:image:height\" content=\"1124\" \/>\n\t<meta property=\"og:image:type\" content=\"image\/png\" \/>\n<meta name=\"twitter:card\" content=\"summary_large_image\" \/>\n<meta name=\"twitter:label1\" content=\"Estimated reading time\" \/>\n\t<meta name=\"twitter:data1\" content=\"1 minute\" \/>\n<script type=\"application\/ld+json\" class=\"yoast-schema-graph\">{\"@context\":\"https:\\\/\\\/schema.org\",\"@graph\":[{\"@type\":\"WebPage\",\"@id\":\"https:\\\/\\\/seoulhouse.hu\\\/impressum\\\/\",\"url\":\"https:\\\/\\\/seoulhouse.hu\\\/impressum\\\/\",\"name\":\"Impressum - Seoul House Budapest #1 Korean Restaurant\",\"isPartOf\":{\"@id\":\"https:\\\/\\\/seoulhouse.hu\\\/#website\"},\"datePublished\":\"2025-09-16T11:53:30+00:00\",\"dateModified\":\"2025-09-16T11:53:55+00:00\",\"breadcrumb\":{\"@id\":\"https:\\\/\\\/seoulhouse.hu\\\/impressum\\\/#breadcrumb\"},\"inLanguage\":\"en-GB\",\"potentialAction\":[{\"@type\":\"ReadAction\",\"target\":[\"https:\\\/\\\/seoulhouse.hu\\\/impressum\\\/\"]}]},{\"@type\":\"BreadcrumbList\",\"@id\":\"https:\\\/\\\/seoulhouse.hu\\\/impressum\\\/#breadcrumb\",\"itemListElement\":[{\"@type\":\"ListItem\",\"position\":1,\"name\":\"Kezd\u0151lap\",\"item\":\"https:\\\/\\\/seoulhouse.hu\\\/\"},{\"@type\":\"ListItem\",\"position\":2,\"name\":\"Impressum\"}]},{\"@type\":\"WebSite\",\"@id\":\"https:\\\/\\\/seoulhouse.hu\\\/#website\",\"url\":\"https:\\\/\\\/seoulhouse.hu\\\/\",\"name\":\"Seoul House Budapest #1 Korean Restaurant\",\"description\":\"Seoul House Budapest is the 1st Korean Restaurant in Budapest since 1990\",\"publisher\":{\"@id\":\"https:\\\/\\\/seoulhouse.hu\\\/#organization\"},\"potentialAction\":[{\"@type\":\"SearchAction\",\"target\":{\"@type\":\"EntryPoint\",\"urlTemplate\":\"https:\\\/\\\/seoulhouse.hu\\\/?s={search_term_string}\"},\"query-input\":{\"@type\":\"PropertyValueSpecification\",\"valueRequired\":true,\"valueName\":\"search_term_string\"}}],\"inLanguage\":\"en-GB\"},{\"@type\":\"Organization\",\"@id\":\"https:\\\/\\\/seoulhouse.hu\\\/#organization\",\"name\":\"Seoul House Budapest #1 Korean Restaurant\",\"url\":\"https:\\\/\\\/seoulhouse.hu\\\/\",\"logo\":{\"@type\":\"ImageObject\",\"inLanguage\":\"en-GB\",\"@id\":\"https:\\\/\\\/seoulhouse.hu\\\/#\\\/schema\\\/logo\\\/image\\\/\",\"url\":\"https:\\\/\\\/seoulhouse.hu\\\/wp-content\\\/uploads\\\/2025\\\/06\\\/Top-Menu-Logo.svg\",\"contentUrl\":\"https:\\\/\\\/seoulhouse.hu\\\/wp-content\\\/uploads\\\/2025\\\/06\\\/Top-Menu-Logo.svg\",\"width\":151,\"height\":28,\"caption\":\"Seoul House Budapest #1 Korean Restaurant\"},\"image\":{\"@id\":\"https:\\\/\\\/seoulhouse.hu\\\/#\\\/schema\\\/logo\\\/image\\\/\"}}]}<\/script>\n<!-- \/ Yoast SEO Premium plugin. -->","yoast_head_json":{"title":"Imprint - Seoul House Budapest #1 Korean Restaurant","robots":{"index":"index","follow":"follow","max-snippet":"max-snippet:-1","max-image-preview":"max-image-preview:large","max-video-preview":"max-video-preview:-1"},"canonical":"https:\/\/seoulhouse.hu\/en\/masthead\/","og_locale":"en_GB","og_type":"article","og_title":"Impressum","og_description":"Seoul House Budapest #1 Korean Restaurant","og_url":"https:\/\/seoulhouse.hu\/en\/masthead\/","og_site_name":"Seoul House Budapest #1 Korean Restaurant","article_modified_time":"2025-09-16T11:53:55+00:00","og_image":[{"width":2560,"height":1124,"url":"https:\/\/seoulhouse.hu\/wp-content\/uploads\/2025\/07\/fb_seoul-cover-scaled.png","type":"image\/png"}],"twitter_card":"summary_large_image","twitter_misc":{"Estimated reading time":"1 minute"},"schema":{"@context":"https:\/\/schema.org","@graph":[{"@type":"WebPage","@id":"https:\/\/seoulhouse.hu\/impressum\/","url":"https:\/\/seoulhouse.hu\/impressum\/","name":"Imprint - Seoul House Budapest #1 Korean Restaurant","isPartOf":{"@id":"https:\/\/seoulhouse.hu\/#website"},"datePublished":"2025-09-16T11:53:30+00:00","dateModified":"2025-09-16T11:53:55+00:00","breadcrumb":{"@id":"https:\/\/seoulhouse.hu\/impressum\/#breadcrumb"},"inLanguage":"en-GB","potentialAction":[{"@type":"ReadAction","target":["https:\/\/seoulhouse.hu\/impressum\/"]}]},{"@type":"BreadcrumbList","@id":"https:\/\/seoulhouse.hu\/impressum\/#breadcrumb","itemListElement":[{"@type":"ListItem","position":1,"name":"Kezd\u0151lap","item":"https:\/\/seoulhouse.hu\/"},{"@type":"ListItem","position":2,"name":"Impressum"}]},{"@type":"WebSite","@id":"https:\/\/seoulhouse.hu\/#website","url":"https:\/\/seoulhouse.hu\/","name":"Seoul House Budapest #1 Korean Restaurant","description":"Seoul House Budapest is the 1st Korean Restaurant in Budapest since 1990","publisher":{"@id":"https:\/\/seoulhouse.hu\/#organization"},"potentialAction":[{"@type":"SearchAction","target":{"@type":"EntryPoint","urlTemplate":"https:\/\/seoulhouse.hu\/?s={search_term_string}"},"query-input":{"@type":"PropertyValueSpecification","valueRequired":true,"valueName":"search_term_string"}}],"inLanguage":"en-GB"},{"@type":"Organization","@id":"https:\/\/seoulhouse.hu\/#organization","name":"Seoul House Budapest #1 Korean Restaurant","url":"https:\/\/seoulhouse.hu\/","logo":{"@type":"ImageObject","inLanguage":"en-GB","@id":"https:\/\/seoulhouse.hu\/#\/schema\/logo\/image\/","url":"https:\/\/seoulhouse.hu\/wp-content\/uploads\/2025\/06\/Top-Menu-Logo.svg","contentUrl":"https:\/\/seoulhouse.hu\/wp-content\/uploads\/2025\/06\/Top-Menu-Logo.svg","width":151,"height":28,"caption":"Seoul House Budapest #1 Korean Restaurant"},"image":{"@id":"https:\/\/seoulhouse.hu\/#\/schema\/logo\/image\/"}}]}},"_links":{"self":[{"href":"https:\/\/seoulhouse.hu\/en\/wp-json\/wp\/v2\/pages\/2175","targetHints":{"allow":["GET"]}}],"collection":[{"href":"https:\/\/seoulhouse.hu\/en\/wp-json\/wp\/v2\/pages"}],"about":[{"href":"https:\/\/seoulhouse.hu\/en\/wp-json\/wp\/v2\/types\/page"}],"author":[{"embeddable":true,"href":"https:\/\/seoulhouse.hu\/en\/wp-json\/wp\/v2\/users\/1"}],"replies":[{"embeddable":true,"href":"https:\/\/seoulhouse.hu\/en\/wp-json\/wp\/v2\/comments?post=2175"}],"version-history":[{"count":4,"href":"https:\/\/seoulhouse.hu\/en\/wp-json\/wp\/v2\/pages\/2175\/revisions"}],"predecessor-version":[{"id":2183,"href":"https:\/\/seoulhouse.hu\/en\/wp-json\/wp\/v2\/pages\/2175\/revisions\/2183"}],"wp:attachment":[{"href":"https:\/\/seoulhouse.hu\/en\/wp-json\/wp\/v2\/media?parent=2175"}],"curies":[{"name":"wp","href":"https:\/\/api.w.org\/{rel}","templated":true}]}}